{"id":63,"date":"2024-11-02T20:08:08","date_gmt":"2024-11-02T19:08:08","guid":{"rendered":"http:\/\/www.chiropratikfisiocenter.com\/?page_id=63"},"modified":"2024-11-02T20:19:34","modified_gmt":"2024-11-02T19:19:34","slug":"chiropratica","status":"publish","type":"page","link":"http:\/\/www.chiropratikfisiocenter.com\/index.php\/chiropratica\/","title":{"rendered":"Chiropratica"},"content":{"rendered":"\n<div style=\"height:100px\" aria-hidden=\"true\" class=\"wp-block-spacer\"><\/div>\n\n\n\n<h3 class=\"wp-block-heading\"><strong>Chiropratica<br>Cos&#8217;\u00e8<\/strong><\/h3>\n\n\n\n<p>La chiropratica \u00e8 la scienza (nata in USA) che favorisce la naturale capacit\u00e0 dell&#8217;organismo di curarsi senza farmaci.<\/p>\n\n\n\n<p>La Chiropratica (dal Greco &#8220;eseguire con le mani&#8221;), \u00e8 nata a Davenport negli U.S.A. alla fine dell&#8217;Ottocento.<\/p>\n\n\n\n<figure class=\"wp-block-image\"><img decoding=\"async\" src=\"http:\/\/localhost\/cfcnew\/images\/chiro\/ddpalmer.jpg\" alt=\"ddpalmer\"\/><\/figure>\n\n\n\n<p>David D. Palmer<\/p>\n\n\n\n<p>Palmer fu il suo pioniere: per primo intu\u00ec che una correzione specifica manuale della colonna vertebrale (&#8220;adjustment&#8221;) , a causa dello stretto legame tra la struttura della spina dorsale e il sistema nervoso, poteva avere effetti positivi sul benessere e la salute.<\/p>\n\n\n\n<p>Il primo a beneficiare della chiropratica fu Harvey Liliard nel 1895, sordo da anni. Palmer oper\u00f2 una correzione manuale specifica della sua colonna vertebrale, eliminando le alterazioni neurofisiologiche che avevano indotto la sordit\u00e0. Harvey riacquist\u00f2 l&#8217;udito. La chiropratica nacque in un&#8217;epoca in cui la medicina &#8216;ufficiale&#8217; si stava organizzando, era molto arretrata e faceva uso di pratiche quali il salasso. I raggi X furono inventati dal tedesco Roentgen nel 1895. I chiropratici furono tra i primi al mondo ad utilizzarli sistematicamente per valutare e analizzare la colonna vertebrale umana.<\/p>\n\n\n\n<p>La chiropratica \u00e8 una scienza moderna della salute e del benessere naturale ed \u00e8 la terza professione sanitaria primaria in USA dopo medico e odontoiatra. In Italia \u00e8 arrivata solo pi\u00f9 tardi ed inizialmente era conosciuta solo dagli atleti e dalle persone che ne avevano beneficiato in America e in giro per il mondo.<\/p>\n\n\n\n<p>Oggi la chiropratica \u00e8 sempre pi\u00f9 diffusa, anche se i chiropratici Italiani sono pochissimi perch\u00e9 non esiste ancora un&#8217;Universit\u00e0 o una scuola di chiropratica riconosciuta dal Council on Chiropractic Education e dalla World Federation of Chiropractic, gli organismi internazionali che verificano gli standard educativi e accreditano le scuole di chiropratica a garanzia della sicurezza dei cittadini.<\/p>\n\n\n\n<p><strong>Alcune definizioni:<\/strong><br><br>a) Definizione della Federazione Mondiale della Chiropratica:<br>La chiropratica concentra la propria attenzione sulle relazioni tra struttura (principalmente la colonna vertebrale) e funzione (coordinata dal sistema nervoso) e sul modo in cui tale equilibrio influenza il recupero e il mantenimento della salute.<br><br>b) Definizione del Dorland&#8217;s Medical Dictionary (Dizionario medico Dorland):<br>&#8220;Una scienza diagnostica della neurofisiologia applicata basata sulla teoria che salute e malattia sono processi vitali correlati alla funzione del sistema nervoso. L&#8217;irritazione del sistema nervoso causato da agenti meccanici, chimici o psichici \u00e8 causa di malattia; ripristino e mantenimento della salute dipendono dal buon funzionamento del sistema nervoso. La diagnosi chiropratica consiste nella identificazione della noxie irritanti ed il trattamento consiste nella loro rimozione attraverso metodiche conservative.&#8221;<br><br><strong>La prassi chiropratica comprende:<\/strong><\/p>\n\n\n\n<ul class=\"wp-block-list\">\n<li>la formulazione della diagnosi;<\/li>\n\n\n\n<li>l&#8217;intervento per il ripristino dell&#8217;integrit\u00e0 neurologica e biomeccanica attraverso il trattamento chiropratico adatto al caso;<\/li>\n\n\n\n<li>terapie manuali con particolare rilievo attribuito alla manipolazione vertebrale;<\/li>\n\n\n\n<li>Terapie fisiche, programmi d&#8217;esercizio, rieducazione del paziente;<\/li>\n\n\n\n<li>la consulenza ai pazienti sullo stile di vita pi\u00f9 salutare.<\/li>\n<\/ul>\n\n\n\n<p>I chiropratici non fanno uso di farmaci n\u00e9 di chirurgia, quando tali tipi di intervento si ritengono necessari i pazienti vengono indirizzati nelle strutture appropriate.<\/p>\n\n\n\n<p><strong>In cosa consiste il trattamento:<\/strong><br><br>Il trattamento chiropratico consiste nel prevenire e correggere quelle interferenze neurofisiologiche (sublussazioni vertebrali) soprattutto lungo la colonna vertebrale e a livello del bacino, attraverso il recupero della corretta funzionalit\u00e0 di ossa e articolazioni.<br><br>La scienza del chiropratico risiede nella localizzazione, e nella correzione di questi \u201costacoli\u201d che impediscono al sistema nervoso di funzionare al meglio impedendo all\u2019innata abilit\u00e0 dell\u2019organismo di equilibrarsi e stare in salute.<br><br>La possibilit\u00e0 per un paziente di ritrovare l\u2019equilibrio armonico dell\u2019organismo dipende da 3 fattori; CHIMICO &#8211; PSICHICO &#8211; FISICO: se uno dei tre fattori non \u00e8 in equilibrio l\u2019organismo ne risente).<\/p>\n\n\n\n<p><strong>La prima visita:<\/strong><br><br>Il Chiropratico, durante la prima visita, fa&#8217; un&#8217;attenta valutazione di tutto ci\u00f2 che riguarda la salute del paziente. Analizza eventuali esami radiografici, effettua un controllo della colonna vertebrale (test ortopedici e neurologici), localizza la zona o le zone responsabili delle disfunzioni.<br><br>Solo al termine di questa analisi egli pu\u00f2 dare al paziente un&#8217;indicazione precisa circa il programma di cura da seguire.<\/p>\n\n\n\n<p><strong>Obiettivi del trattamento :<\/strong><\/p>\n\n\n\n<p>Obiettivi specifici<\/p>\n\n\n\n<ul class=\"wp-block-list\">\n<li>Attenuazione del dolore<\/li>\n\n\n\n<li>Risoluzione degli spasmi muscolari<\/li>\n\n\n\n<li>Recupero della mobilit\u00e0<\/li>\n\n\n\n<li>Prevenzione delle recidive<\/li>\n\n\n\n<li>Prevenzione della cronicizzazione<\/li>\n<\/ul>\n\n\n\n<p>Obiettivi generali<\/p>\n\n\n\n<ul class=\"wp-block-list\">\n<li>rimuovere con tecniche altamente specifiche le sublussazioni vertebrali e le connesse disfunzioni.<br>Il nostro Sistema nervoso controlla tutte le funzioni del corpo. Per cui ogni disfunzione comporta una riduzione delle naturali capacit\u00e0 del corpo di mantenere l&#8217;equilibrio di benessere con potenziali danni per la salute.<\/li>\n<\/ul>\n\n\n\n<p><strong>Principi:<\/strong><br><br>Il nostro organismo \u00e8 controllato, in ogni sua componente (cellule, tessuti, organi) dal SISTEMA NERVOSO che opera come un&#8217;intelligenza innata.<br><br>Il nostro sistema nervoso \u00e8 formato dal cervello dal midollo spinale e da moltissimi nervi.<br>Il cervello \u00e8 protetto dal cranio e il midollo spinale dalle VERTEBRE, le ossa della colonna vertebrale.<br><br>Le attivit\u00e0 quotidiane, gli incidenti, le posture scorrette, la vita sedentaria, attivit\u00e0 lavorative pesanti, traumi alla nascita, attivit\u00e0 sportive inadeguate, la malocclusione dentale, possono causare la perdita della posizione fisiologicamente corretta e della normale mobilit\u00e0 di queste ossa. Ci\u00f2 pu\u00f2 portare a irritazione, schiacciamento dei nervi o a disfunzione del sistema nervoso e, in ultimo, ad uno stato di cattiva salute.<br><br>Queste alterazioni vengono definite dalla scienza chiropratica SUBLUSSAZIONI (SUBLUXATIONS). Le alterazioni che le sublussazioni vertebrali creano nell\u2019organismo si manifestano talvolta sotto forma di sintomi (dolori, rigidit\u00e0, problemi organici). Ma non sempre.<br><br>A volte il problema \u00e8 silenzioso (come la carie dei denti che lavora senza farsi sentire): trascurare la colonna vertebrale \u00e8 come trascurare i vostri denti.<br>I problemi si manifestano pi\u00f9 facilmente se non c\u2019\u00e8 stata prevenzione.<br>Di qui l\u2019importanza di un controllo della colonna vertebrale sin da bambini.<\/p>\n\n\n\n<p><strong>Quali patologie cura :<\/strong><\/p>\n\n\n\n<ul class=\"wp-block-list\">\n<li>mal di testa<\/li>\n\n\n\n<li>dolori alla schiena<\/li>\n\n\n\n<li>ernia del disco<\/li>\n\n\n\n<li>sciatalgia<\/li>\n\n\n\n<li>dolori nella zona cervicale<\/li>\n\n\n\n<li>vertigini, problemi di equilibrio<\/li>\n\n\n\n<li>dolori alle braccia, alle gambe, alle mani, ai piedi<\/li>\n\n\n\n<li>formicolii<\/li>\n\n\n\n<li>dolori alle spalle<\/li>\n\n\n\n<li>artrite<\/li>\n\n\n\n<li>artrosi<\/li>\n\n\n\n<li>scoliosi<\/li>\n\n\n\n<li>cifosi &#8211; lordosi<\/li>\n\n\n\n<li>malocclusione dentale.<\/li>\n<\/ul>\n\n\n\n<p><strong>Quanto dura il trattamento:<\/strong><br><br>Questo dipende da diversi fattori:<\/p>\n\n\n\n<ul class=\"wp-block-list\">\n<li>La natura del problema.<\/li>\n\n\n\n<li>Da quanto tempo \u00e8 presente.<\/li>\n\n\n\n<li>L&#8217;et\u00e0 del paziente e la sua vitalit\u00e0.<\/li>\n\n\n\n<li>La collaborazione a modificare abitudini sbagliate.<\/li>\n\n\n\n<li>il rispetto degli appuntamenti.<\/li>\n<\/ul>\n\n\n\n<p><strong>Farmaci? &#8230;No grazie:<\/strong><br><br>La chiropratica non fa uso di farmaci.<br><br>La chiropratica mira al recupero funzionale per evitare, ove possibile, interventi pi\u00f9 invasivi quali la chirurgia.<br><br>I farmaci antinfiammatori comunemente usati per lo pi\u00f9 funzionano ma agiscono sul sintomo, il dolore, e non sulle cause.<br>Inoltre i risultati sono di breve durata e possono comportare effetti collaterali.<br>La ricerca dimostra una considerevole relazione tra uso di farmaci antinfiammatori e casi di ulcera.<br><br>I trattamenti chiropratici sono pi\u00f9 sicuri degli interventi chirurgici alla schiena, dei farmaci miorilassanti e antiffiamatori (come le aspirine) che come si sa da tempo spesso hanno importanti effetti collaterali.<\/p>\n","protected":false},"excerpt":{"rendered":"<p>ChiropraticaCos&#8217;\u00e8 La chiropratica \u00e8 la scienza (nata in USA) che favorisce la naturale capacit\u00e0 dell&#8217;organismo di curarsi senza farmaci. La Chiropratica (dal Greco &#8220;eseguire con le mani&#8221;), \u00e8 nata a Davenport negli U.S.A. alla fine dell&#8217;Ottocento. David D. Palmer Palmer fu il suo pioniere: per primo intu\u00ec che una correzione specifica manuale della colonna vertebrale [&hellip;]<\/p>\n","protected":false},"author":1,"featured_media":0,"parent":0,"menu_order":0,"comment_status":"closed","ping_status":"closed","template":"page-templates\/menu-black.php","meta":{"footnotes":""},"class_list":["post-63","page","type-page","status-publish","hentry"],"_links":{"self":[{"href":"http:\/\/www.chiropratikfisiocenter.com\/index.php\/wp-json\/wp\/v2\/pages\/63","targetHints":{"allow":["GET"]}}],"collection":[{"href":"http:\/\/www.chiropratikfisiocenter.com\/index.php\/wp-json\/wp\/v2\/pages"}],"about":[{"href":"http:\/\/www.chiropratikfisiocenter.com\/index.php\/wp-json\/wp\/v2\/types\/page"}],"author":[{"embeddable":true,"href":"http:\/\/www.chiropratikfisiocenter.com\/index.php\/wp-json\/wp\/v2\/users\/1"}],"replies":[{"embeddable":true,"href":"http:\/\/www.chiropratikfisiocenter.com\/index.php\/wp-json\/wp\/v2\/comments?post=63"}],"version-history":[{"count":2,"href":"http:\/\/www.chiropratikfisiocenter.com\/index.php\/wp-json\/wp\/v2\/pages\/63\/revisions"}],"predecessor-version":[{"id":66,"href":"http:\/\/www.chiropratikfisiocenter.com\/index.php\/wp-json\/wp\/v2\/pages\/63\/revisions\/66"}],"wp:attachment":[{"href":"http:\/\/www.chiropratikfisiocenter.com\/index.php\/wp-json\/wp\/v2\/media?parent=63"}],"curies":[{"name":"wp","href":"https:\/\/api.w.org\/{rel}","templated":true}]}}