{"id":67,"date":"2024-11-02T20:26:13","date_gmt":"2024-11-02T19:26:13","guid":{"rendered":"http:\/\/www.chiropratikfisiocenter.com\/?page_id=67"},"modified":"2024-11-02T20:26:13","modified_gmt":"2024-11-02T19:26:13","slug":"ossigeno-ozono-terapia","status":"publish","type":"page","link":"http:\/\/www.chiropratikfisiocenter.com\/index.php\/ossigeno-ozono-terapia\/","title":{"rendered":"Ossigeno-ozono terapia"},"content":{"rendered":"\n<p><strong>Ossigeno-ozono terapia<\/strong><br><strong>Cos&#8217;\u00e8<\/strong><\/p>\n\n\n\n<p class=\"has-text-align-center\"><img loading=\"lazy\" decoding=\"async\" src=\"http:\/\/localhost\/cfcnew\/cache\/multithumb_thumbs\/b_180_201_16777215_00_images_chiro_leonardo.jpg\" alt=\"leonardo\" width=\"180\" height=\"201\"><br>l&#8217;Ossigeno-Ozono Terapia: \u00e8 una terapia basata sull&#8217;erogazione di una certa quantit\u00e0 di ossigeno-ozono nell&#8217;organismo, attraverso varie tecniche e, su alcune patologie, ha permesso di ottenere dei risultati terapeutici insperati, grazie a:<br>&#8211; azione antidolorifica<br>&#8211; incremento delle difese immunitarie<br>&#8211; ottimizzazione dell&#8217;utilizzo dell&#8217;ossigeno nel sangue con effetto&nbsp;&nbsp; rivitalizzante<br>&#8211; effetto coadiuvante nella cura della depressione<\/p>\n\n\n\n<p><strong>Le vie di somministrazione:<\/strong><br>la somministrazione pu\u00f2 avvenire in maniera: &#8211;<\/p>\n\n\n\n<p>locale: mediante applicazione di una campana di vetro o di un sacchetto di plastica reso opportunamente stagno, in cui viene fatto fluire l&#8217;O2\/O3.<br>&#8211; sistemica: viene abitualmente iniettato per via intramuscolare, sottocutanea e intrarticolare.<br>&#8211; con l&#8217;utilizzo dell&#8217;autoemoinfusione: eseguita prelevando sangue venoso che, convogliato in un contenitore, viene trat\u00adtato con la miscela 02\/03 e successivamente reinfuso.<\/p>\n\n\n\n<p><strong>Tossicit\u00e0 ed effetti collaterali:<\/strong><\/p>\n\n\n\n<p>non esiste alcun tipo di effetto collaterale, se tale trattamento \u00e8 correttamente applicato; inoltre non causa nessun tipo di reazione allergica. Negli ultimi anni, nonostante un notevole incremento di questa metodica, non si sono registrati effetti collaterali o indesiderati, il che conferma come questa terapia sia priva di pericoli, se eseguita da medici preparati da corsi appositi e certifi\u00adcati SIOOT. Non genera dipendenza.<br><br><strong>Le apparecchiature:<\/strong><br>le apparecchiature per la produzione dell&#8217;ossigeno-ozono de\u00advono rispondere a particolari requisiti di qualit\u00e0 che sono previsti dalla Societ\u00e0 Scientifica Italiana di Ossigeno-Ozono Tera\u00adpia e devono essere classificate secondo le disposizioni del Ministero della Sanit\u00e0.<br><br><strong>Patologie vascolari:<\/strong><br>questa terapia \u00e8 indi\u00adcata nel trattamento di problemi di circola\u00adzione sia arteriosa sia venosa e nelle ulcere da decubito e croniche dove si associa l&#8217;effetto disinfettante dell&#8217;Ozono che favo\u00adrisce l&#8217;azione trofica e la riepitelizzazione dei tessuti. In particolare, grandi vantaggi si hanno nel trattamento delle patologie del microcircolo (gambe gonfie e pesan\u00adti), cefalee vasomotorie e\/o a grappolo e la maculopatia degenerativa, vasculopatia microcavernosa da stasi.<br><br>P<strong>atologie ortopediche:<\/strong><br>in numerose pato\u00adlogie a carico dell&#8217;apparato Osteo\u00adarticolare e Muscolo-Scheletrico, caratte\u00adrizzate da spiccata sintomatologia dolorosa, la terapia viene utilizzata con ottimi risultati. Il suo impiego \u00e8 efficace sia nelle affezioni acute a manifestazioni in\u00adfiammatorie, sia in quelle degenerativo\u00adcroniche. I risultati ottenuti evidenziano una spiccata efficacia nelle patologie a ca\u00adrico delle piccole articolazioni quali quelle delle mani e dei piedi.<br><br><strong>Ernie e profusioni discali, lombari e cervicali:<\/strong><br>poich\u00e9 alla base di queste alterazio\u00adni c&#8217;\u00e8 un conflitto, in uno spazio limitato, tra la radice nervosa spinale e la massa di\u00adscale nel canale spinale, le tecniche tradi\u00adzionali agiscono sulla struttura discale, in\u00addebolendo o eliminando, quindi, tale strut\u00adtura e quindi col rischio di una degenera\u00adzione artrosica e di una nuova protrusione e relativo conflitto disco-radicolare. La re\u00adgressione della sintomatologia \u00e8 rapida e completa, i vantaggi rispetto alle altre me\u00adtodiche tradizionali sono rappresentati so\u00adprattutto dall&#8217;assenza di effetti collaterali e dall&#8217;elevatissima efficacia. Le tecniche percutanee sono utilizzate da molti anni per la riduzione delle ernie discali e protei\u00adche.<br><br><strong>Osteoartrosi:<\/strong><br>l&#8217;osteoartrosi \u00e8 &#8220;la principa\u00adle malattia invalidante&#8221; del mondo ed inte\u00adressa circa il 10% dell&#8217;intera popolazione mondiale, e il 50% di quella oltre 60 anni. Ad essa \u00e8 dovuta la riduzione delle capaci\u00adt\u00e0 lavorative e il normale svolgimento delle pi\u00f9 comuni attivit\u00e0 quotidiane, quali quelle domestiche o quelle legate alla cura della persona. Esso insorge dapprima solo duran\u00adte il movimento articolare, specialmente dopo immobilit\u00e0, al risveglio mattutino o per movimenti nel sonno, con carattere lancinante. In fasi pi\u00f9 tardive compare an\u00adche a riposo, favorito da precedente abuso articolare o da cambiamenti meteorologici. Grazie alla sinergia fra le cure storiche e quelle all&#8217;ozono, si evidenzia un netto mi\u00adglioramento nell&#8217;osteoartrosi sia per ci\u00f2 che riguarda la funzione, sia per il dolore. Si viene cos\u00ec a spezzare il circolo perverso rappresentato da: alterazione morfologica, osteomieliti, rigidit\u00e0 articolare, dolore, contrattura muscolare antalgica, deficit funzionale. L&#8217;Ozono oltre ad abbassare co\u00adstantemente la sintomatologia dolorosa, favorisce il rilassamento delle fasce musco\u00adlari coinvolte con conseguente recupero nella flessibilit\u00e0 e funzionalit\u00e0 complessiva.<br><br><strong>Medicina sportiva:<\/strong><br>in ambito sportivo ci si trova di fronte a diverse patologie che pos\u00adsono trovare nell&#8217;02\/03 un valido supporto terapeutico. Gi\u00e0 da alcuni anni questa me\u00adtodica viene infatti utilizzata con successo in atleti di diverse discipline: calcio, cicli\u00adsmo, atletica leggera, pallavolo, rugby, basket, sci, &#8230; In concomitanza delle pi\u00f9 frequenti patologie a carico dell&#8217;atleta si trattano pertanto: lombalgie, ernie discali, borsiti, distorsioni, epicondiliti, fibromial\u00adgie, talalgie tendinopatie.<br><br><strong>Medicina fisica e riabilitativa:<\/strong><br>a fianco di procedimenti fisioterapici, si prevede l&#8217;impiego di metodiche fisiche quali l&#8217;energia tecnica, quella elettrica, quella luminosa e quella meccanica. In tale ambi\u00adto si pu\u00f2 collocare l&#8217;Ossigeno-Ozono quale terapia emergente sia nel trattamento di specifiche patologie in corso, sia in ambito strettamente riabilitativo. Le propriet\u00e0 an\u00adtinfiammatorie dell&#8217;Ozono determinano risultati positivi anche nel trattamento del\u00adle osteocondriti, delle arteriopatie croni\u00adche degenerative, delle gonartrosi e delle coxartrosi; nelle condizioni in cui incappa\u00adno spesso gli sportivi, trovando infiamma\u00adzione e dolore. Da non trascurare, infine, \u00e8 la capacit\u00e0 dell&#8217;Ozono di agire da decon\u00adtratturante nei distretti in cui persistono esiti di traumi o di attivit\u00e0 motoria eserci\u00adtata in modo non corretto.<br><br><strong>Arteriopatie periferiche:<\/strong><br>la terapia \u00e8 indi\u00adcata nei problemi di circolazione arteriosa, per il suo effetto positivo sulle condizioni di insufficiente apporto di O2 ed in particolare nei confronti delle arteriopatie obliteranti caratterizzate da claudicatio intermittens, con dolore, cianosi e gravi alterazioni trofi\u00adche, angiosclerosi arteriosa cavernosa, e conseguente disfunzione erettile.<br><br><strong>Malattie venose, ulcere trofiche:<\/strong><br>qui nel trattamento dell&#8217;insufficienza venosa cro\u00adnica, si opera ormai da tempo riscontrando risultati positivi, con evidenti miglioramenti sia sotto l&#8217;aspetto funzionale che estetico. I pazienti trattati con ozonoterapia hanno evidenziato un miglioramento della condi\u00adzione vascolare di entit\u00e0 significativamente maggiore, a parit\u00e0 di tempo, o significati\u00advamente pi\u00f9 rapida a parit\u00e0 di effetto, ri\u00adspetto al trattamento di riferimento. L&#8217;efficacia dell&#8217;Ozono nel trattamento di piaghe ed ulcerazioni \u00e8 stata dimostrata ottenendo disinfezione delle lesioni e con\u00adseguente effetto trofico. A riprova della consolidata efficacia di questa terapia, \u00e8 il suo avvenuto inserimento nel prontuario sanitario della Regione Lombardia.<br><strong>Ipodermiti indurative e lipodistrofie localizzate (cellulite):<\/strong><br>le lipodistrofie loca\u00adlizzate e le ipodermiti indurative (Pannicu\u00adlopatie) sono diverse manifestazioni di un problema medico vero e proprio: la celluli\u00adte. Questa \u00e8 una condizione patologica e non un semplice inestetismo e pertanto de\u00adve essere trattata in tempo con una terapia medica adeguata, e l&#8217;unica metodica che presenta risultati scientificamente verifica\u00adbili ed accettati \u00e8 rappresentata dall&#8217;02\/03 terapia.<\/p>\n","protected":false},"excerpt":{"rendered":"<p>Ossigeno-ozono terapiaCos&#8217;\u00e8 l&#8217;Ossigeno-Ozono Terapia: \u00e8 una terapia basata sull&#8217;erogazione di una certa quantit\u00e0 di ossigeno-ozono nell&#8217;organismo, attraverso varie tecniche e, su alcune patologie, ha permesso di ottenere dei risultati terapeutici insperati, grazie a:&#8211; azione antidolorifica&#8211; incremento delle difese immunitarie&#8211; ottimizzazione dell&#8217;utilizzo dell&#8217;ossigeno nel sangue con effetto&nbsp;&nbsp; rivitalizzante&#8211; effetto coadiuvante nella cura della depressione Le vie [&hellip;]<\/p>\n","protected":false},"author":1,"featured_media":0,"parent":0,"menu_order":0,"comment_status":"closed","ping_status":"closed","template":"","meta":{"footnotes":""},"class_list":["post-67","page","type-page","status-publish","hentry"],"_links":{"self":[{"href":"http:\/\/www.chiropratikfisiocenter.com\/index.php\/wp-json\/wp\/v2\/pages\/67","targetHints":{"allow":["GET"]}}],"collection":[{"href":"http:\/\/www.chiropratikfisiocenter.com\/index.php\/wp-json\/wp\/v2\/pages"}],"about":[{"href":"http:\/\/www.chiropratikfisiocenter.com\/index.php\/wp-json\/wp\/v2\/types\/page"}],"author":[{"embeddable":true,"href":"http:\/\/www.chiropratikfisiocenter.com\/index.php\/wp-json\/wp\/v2\/users\/1"}],"replies":[{"embeddable":true,"href":"http:\/\/www.chiropratikfisiocenter.com\/index.php\/wp-json\/wp\/v2\/comments?post=67"}],"version-history":[{"count":1,"href":"http:\/\/www.chiropratikfisiocenter.com\/index.php\/wp-json\/wp\/v2\/pages\/67\/revisions"}],"predecessor-version":[{"id":68,"href":"http:\/\/www.chiropratikfisiocenter.com\/index.php\/wp-json\/wp\/v2\/pages\/67\/revisions\/68"}],"wp:attachment":[{"href":"http:\/\/www.chiropratikfisiocenter.com\/index.php\/wp-json\/wp\/v2\/media?parent=67"}],"curies":[{"name":"wp","href":"https:\/\/api.w.org\/{rel}","templated":true}]}}