{"id":69,"date":"2024-11-02T20:32:28","date_gmt":"2024-11-02T19:32:28","guid":{"rendered":"http:\/\/www.chiropratikfisiocenter.com\/?page_id=69"},"modified":"2024-11-02T20:38:05","modified_gmt":"2024-11-02T19:38:05","slug":"osteopatia","status":"publish","type":"page","link":"http:\/\/www.chiropratikfisiocenter.com\/index.php\/osteopatia\/","title":{"rendered":"Osteopatia"},"content":{"rendered":"\n<div style=\"height:100px\" aria-hidden=\"true\" class=\"wp-block-spacer\"><\/div>\n\n\n\n<p><strong>Osteopatia <\/strong><\/p>\n\n\n\n<p><strong>Cos&#8217;\u00e8<br><\/strong><br><\/p>\n\n\n\n<p class=\"has-text-align-center\"><strong><br><\/strong><img loading=\"lazy\" decoding=\"async\" width=\"149\" height=\"243\" src=\"http:\/\/localhost\/cfcnew\/cache\/multithumb_thumbs\/b_150_243_16777215_00_images_chiro_index1.png\" alt=\"index1\"><br>L&#8217;Osteopatia \u00e8 un metodo sano e naturale di terapia che focalizza l&#8217;attenzione sulla struttura del corpo umano, costituito d&#8217;ossa, legamenti, muscoli, tessuto connettivo, sistema linfatico, sistema nervoso, sistema circolatorio e fascia.<br><br>L&#8217;Osteopatia comprende una serie di tecniche manipolative molto precise, ed \u00e8 usata per trattare i meccanismi in disfunzione che impediscono alle varie parti del corpo di compiere le loro funzioni naturali.<br><br>L&#8217;obiettivo della pratica professionale osteopatica \u00e8 quello di ristabilire la mobilit\u00e0 dei differenti sistemi del corpo, tale da migliorare la loro interazione e regolazione.<br><br>Gli Osteopati valutano le condizioni di questo sistema &#8220;muscolo-scheletrico&#8221; cercando le aree di debolezza, squilibrio o eccessiva tensione.<br>Qualunque potenziale punto debole determiner\u00e0 un malfunzionamento del corpo che a sua volta influenzer\u00e0 la salute in generale.<\/p>\n\n\n\n<p>Tensioni muscolari croniche, disturbi e deformazioni delle articolazioni della colonna vertebrale, delle braccia e delle gambe non solo provocano mal di collo e mal di schiena, ma influiscono anche sull&#8217;apparato circolatorio, sul quello respiratorio e sulla digestione.<\/p>\n\n\n\n<p>Con l&#8217;osteopatia ( intesa come strumento di diagnosi e trattamento ), si possono ottenere benefici per tutto l&#8217;organismo e non solo per lo scheletro. Infatti<\/p>\n\n\n\n<p>Il osteon in greco significa osso, ma il campo di azione dell&#8217; osteopatia cos\u00ec come quello di tutte le metodiche che si attuano con la manipolazione, coinvolge tutta la meccanica del corpo, quindi l&#8217;intero sistema muscolo-scheletrico e le sue interconnessioni con il sistema nervoso centrale e i visceri.<\/p>\n\n\n\n<p>L&#8217;Osteopatia crede nella salute come lo stato naturale delle persone, e la malattia come un fenomeno d&#8217;adattamento del corpo ad una situazione critica.<\/p>\n\n\n\n<p><strong>Un p\u00f2 di storia<\/strong><\/p>\n\n\n\n<p><img loading=\"lazy\" decoding=\"async\" src=\"http:\/\/localhost\/cfcnew\/images\/chiro\/index2.png\" alt=\"index2\" width=\"109\" height=\"150\"><br>Andrew Taylor Still, medico statunitense della fine del secolo scorso, considerato il padre dell&#8217;Osteopatia, fu tra i primi a capire le relazioni fra l&#8217;equilibrio funzionale delle strutture corporee e la nozione di salute.<\/p>\n\n\n\n<p>Si distacc\u00f2 dalla medicina tradizionale della sua epoca (1874) e struttur\u00f2 in maniera logica ci\u00f2 che i medici delle antiche civilt\u00e0 (Egizi e Greci) e in seguito quelli del Rinascimento avevano gi\u00e0 intuito.<\/p>\n\n\n\n<p>Nel 1874 comprese che l&#8217;equilibrio proprio della salute passa per l&#8217;equilibrio dell&#8217;impalcatura ossea, responsabile dell&#8217;armonia del sistema nervoso, muscolare e circolatorio.<\/p>\n\n\n\n<p>Fino al 1980, gli Italiani, se volevano acquisire conoscenze nel campo dell&#8217;Osteopatia, erano costretti a recarsi in Inghilterra o in Francia. Nel 1984, finalmente, Maurice Audouard, su richiesta di alcuni Italiani, apr\u00ec insieme ad un gruppo di colleghi francesi, prima a Roma e poi a Milano, una succursale del Coll\u00e8ge Ost\u00e9opathique de Provence (C.O.P.), convertita in una struttura completamente italiana nel 1992: il C.E.R.D.O. Negli stessi anni, parallelamente, Eddy De Forest, con alcuni colleghi fond\u00f2 l&#8217;I.I.O. a Pescara trasferendola poi a Milano. Nel 1989, infine, Pasquale D&#8217;Antonio costitu\u00ec il R.O.I. (Registro degli Osteopati d&#8217;Italia) riunendo i primi allievi diplomatisi in queste due scuole. Anche in Italia l&#8217;insegnamento dell&#8217;Osteopatia era lanciato.<\/p>\n\n\n\n<p><strong>Il professionista che ha &#8220;tatto&#8221;:<\/strong><br>L&#8217;ostepatia tratta le strutture del corpo ( colonna vertebrale, ossa, articolazioni, legamenti, tendini, muscoli, tessuti connettivi ) agendo anche sugli organi (osteopatia viscerale) e sulle ossa craniali ( osteopatia craniosacrale )<\/p>\n\n\n\n<p>con tecniche dolci e appropriate all&#8217;eta&#8217; e alle condizioni del paziente. Gli osteopati qualificati hanno frequentato corsi di approfondimento su materie medico-scientifiche<\/p>\n\n\n\n<p>( anatomia funzionale, biomeccanica, patologia, radiologia, ecc.) e sullo studio dei meccanismi lesionali che contribuiscono a creare le condizioni di squilibrio tra i tessuti dell&#8217;organismo umano.<\/p>\n\n\n\n<p>Grazie al suo tatto addestrato, l&#8217;osteopata pu\u00f2 con la palpazione, diagnosticare i danni o i blocchi delle vertebre, delle artico\/azioni e dei tessuti molli ( muscoli, legamenti, organi) e accertare come sia avvenuto il danno utilizzando dei test di mobilit\u00e0, localizzati in un&#8217;area specifica o sull&#8217;intero sistema scheletrico.<\/p>\n\n\n\n<p>Con l&#8217;intervento dell&#8217;osteopata, quindi, che esamina i movimenti articolari del paziente per applicare la tecnica terapeutica pi\u00f9 adatta, si possono risolvere problemi di vario genere.<br><br><strong>Chi ha bisogno dell&#8217;Osteopatia?<\/strong><br><br>Le tecniche do\/ci, non traumatiche, utilizzate in osteopatia, sono particolarmente indicate per tre grandi categorie di persone:lavoratori: cui la postura errata durante lo svolgimento dell&#8217;attivit\u00e0, il sollevare pesi in modo scorretto e lo stress psicofisico causano tensioni e contratture muscolari che possono sfociare in problemi articolari e della colonna vertebrale. Queste persone riconoscono il loro problema Solo quando compare il sintomo dolore, mentre una visita osteopatica potrebbe rivelare lesioni ripetitive<br><br>( microtraumi ) o stati patologici ad andamento cronico anche quando non \u00e8 presente il dolore fisico.<br><br>Gestanti: che vogliono evitare dolori lombari e alle gambe. Un trattamento alle ossa e ai legamenti che costituiscono il bacino \u00e8 di estremo aiuto per rendere i tessuti pi\u00f9 elastici e un programma di ginnastica osteopatica render\u00e0 il parto meno doloroso.<br><br>Inoltre per motivi posturali, biomeccanici e ormonali, \u00e8 facile acquistare disfunzioni osteopatiche durante e dopo la gravidanza, e pertanto sei settimane dopo il parto \u00e8 raccomandata una visita presso un&#8217;osteopata esperto.<br><br>Bambini: con piedi piatti, ginocchia valghe, schiena curva, dovuti a disturbi di carattere ereditario, a stress della nascita, alla scorretta posizione nel loro lettino.<br><br>In questi piccoli pazienti un trattamento correttivo dolce e strutturale, \u00e8 necessario per evitare complicazioni durante la crescita<\/p>\n","protected":false},"excerpt":{"rendered":"<p>Osteopatia Cos&#8217;\u00e8 L&#8217;Osteopatia \u00e8 un metodo sano e naturale di terapia che focalizza l&#8217;attenzione sulla struttura del corpo umano, costituito d&#8217;ossa, legamenti, muscoli, tessuto connettivo, sistema linfatico, sistema nervoso, sistema circolatorio e fascia. L&#8217;Osteopatia comprende una serie di tecniche manipolative molto precise, ed \u00e8 usata per trattare i meccanismi in disfunzione che impediscono alle varie [&hellip;]<\/p>\n","protected":false},"author":1,"featured_media":0,"parent":0,"menu_order":0,"comment_status":"closed","ping_status":"closed","template":"page-templates\/menu-black.php","meta":{"footnotes":""},"class_list":["post-69","page","type-page","status-publish","hentry"],"_links":{"self":[{"href":"http:\/\/www.chiropratikfisiocenter.com\/index.php\/wp-json\/wp\/v2\/pages\/69","targetHints":{"allow":["GET"]}}],"collection":[{"href":"http:\/\/www.chiropratikfisiocenter.com\/index.php\/wp-json\/wp\/v2\/pages"}],"about":[{"href":"http:\/\/www.chiropratikfisiocenter.com\/index.php\/wp-json\/wp\/v2\/types\/page"}],"author":[{"embeddable":true,"href":"http:\/\/www.chiropratikfisiocenter.com\/index.php\/wp-json\/wp\/v2\/users\/1"}],"replies":[{"embeddable":true,"href":"http:\/\/www.chiropratikfisiocenter.com\/index.php\/wp-json\/wp\/v2\/comments?post=69"}],"version-history":[{"count":3,"href":"http:\/\/www.chiropratikfisiocenter.com\/index.php\/wp-json\/wp\/v2\/pages\/69\/revisions"}],"predecessor-version":[{"id":74,"href":"http:\/\/www.chiropratikfisiocenter.com\/index.php\/wp-json\/wp\/v2\/pages\/69\/revisions\/74"}],"wp:attachment":[{"href":"http:\/\/www.chiropratikfisiocenter.com\/index.php\/wp-json\/wp\/v2\/media?parent=69"}],"curies":[{"name":"wp","href":"https:\/\/api.w.org\/{rel}","templated":true}]}}