{"id":75,"date":"2024-11-02T20:44:38","date_gmt":"2024-11-02T19:44:38","guid":{"rendered":"http:\/\/www.chiropratikfisiocenter.com\/?page_id=75"},"modified":"2024-11-02T20:44:38","modified_gmt":"2024-11-02T19:44:38","slug":"il-nostro-metodo","status":"publish","type":"page","link":"http:\/\/www.chiropratikfisiocenter.com\/index.php\/il-nostro-metodo\/","title":{"rendered":"Il nostro metodo"},"content":{"rendered":"\n<div style=\"height:100px\" aria-hidden=\"true\" class=\"wp-block-spacer\"><\/div>\n\n\n\n<p>Il nostro metodo<\/p>\n\n\n\n<p>In cosa consiste<br><br><img loading=\"lazy\" decoding=\"async\" width=\"197\" height=\"226\" src=\"http:\/\/localhost\/cfcnew\/cache\/multithumb_thumbs\/b_197_226_16777215_00_images_chiro_metodo.gif\" alt=\"metodo\">La ventenale esperienza maturata attraverso lo studio e l&#8217;applicazione delle metodiche naturali e di medicina integrata, nonch\u00e9 il continuo e costante aggiornamento, mi ha consentito, al fine di migliorare l&#8217;approccio terapeutico, di creare un&#8217;integrazione tra queste discipline che mirano &#8220;olosticamente&#8221; alla &#8220;causa&#8221;.<\/p>\n\n\n\n<p>Partendo dal principio che le metodiche terapeutiche di medicina convenzionale sono sintomatologiche cio\u00e8 mirano, come dice lo stesso nome, al sintomo che il paziente riferisce e cercano, attraverso la farmacologia e la chirurgia, di risolverlo.<\/p>\n\n\n\n<p>Le tecniche di medicina alternativa hanno lo scopo di individuare la causa che ha generato il quadro sintomatologico e, attraverso tecniche il meno possibile invasive, lavorare affinch\u00e8 esso si esaurisca per non presentarsi pi\u00f9.<\/p>\n\n\n\n<p>Il nostro metodo \u00e8 nato per dare al paziente il meglio della naturopatia agendo sia nei Trigger Points che nei punti riflessi, secondo i dettami della Medicina Tradizionale Cinese, al fine di migliorare al massimo l&#8217;efficacia dell&#8217;intervento terapeutico.<\/p>\n\n\n\n<p>Ma le motivazioni principali che mi hanno indotto a sviluppare questo metodo sono legate alla necessit\u00e0, sentita tanto dai pazienti quanto dai terapeuti, di adottare trattamenti personalizzati ed efficaci, che non trascurino, come purtroppo oggi accade sempre pi\u00f9 spesso, gli elementi sintomatici e psichici che si fondono nell&#8217;unit\u00e0 &#8220;uomo&#8221;.<\/p>\n\n\n\n<p>Spesso mi sono soffermato a pensare sulla ricchezza di sfumature e quindi delle capacit\u00e0 di adattamento della terapia, che sono vastissime, a seconda delle necessit\u00e0, agendo direttamente con il contatto manuale e con quello impalpabile, ma altrettanto essenziale, appartenente al &#8220;piano relazionale&#8221;.<\/p>\n\n\n\n<p>Come Osteopati-Chiropratici sappiamo quanto sia importante l&#8217;effetto della &#8220;manu-terapeutica&#8221; (senza voler usurpare il ruolo della medicina convenzionale) sui nostri pazienti.<\/p>\n\n\n\n<p>E&#8217; nostra quotidiana esperienza ricevere apprezzamenti gratificanti da chi si affida a noi per un rapporto che si fonda sulla professionalit\u00e0 e sulla capacit\u00e0 tecnica, ma anche sulla fiducia ed il senso di sicurezza che sa infondere il chiropratico.<\/p>\n\n\n\n<p>In questa parte del sito \u00e8 mio indendimento approfondire alcune tecniche di provata validit\u00e0 che prediliggo e di cui abbiamo gi\u00e0 parlato in altre pagine e sulle quali vorrei soffermarmi ulteriormente.<br>Prof.&nbsp; Giancarlo Pasca<\/p>\n\n\n\n<p>Chiropratico &#8211; Osteopata<\/p>\n\n\n\n<h3 class=\"wp-block-heading\">Trattamenti:<\/h3>\n\n\n\n<h3 class=\"wp-block-heading\"><img loading=\"lazy\" decoding=\"async\" src=\"http:\/\/localhost\/cfcnew\/images\/chiro\/lg2.jpg\" alt=\"lg2\" width=\"80\" height=\"60\"><\/h3>\n\n\n\n<p>-Chiropratica<br>&#8211; Osteopatia<br>&#8211; Posturologia<br>&#8211; Infrafit:<br>&nbsp;&nbsp;&nbsp; Dimagrimento localizzato<br>&nbsp;&nbsp;&nbsp; Ossigeno-ozono terapia<br>&#8211; Fisioterapia<\/p>\n\n\n\n<p>Correzione anatomo funzionale del rachide vertebrale e delle articolazioni con conseguente remissione del dolore delle contratture e del disagio psicofisico.<br>Trattamento delle lombalgie, sciatalgie, cervicalgie, discopatie, deviazioni del rachide e sindromi correlate.<\/p>\n\n\n\n<p><strong>Ossigeno-ozono terapia:<\/strong><br><br>L&#8217;ozono medicale, cio\u00e8 la miscela di ossigeno-ozono, sta diventando una validissima arma, nell&#8217;attivit\u00e0 CHIROPATICA &#8211; OSTEOPATICA per due motivi:<br><br>1. Perch\u00e9 \u00e8 ormai accertato che non ha effetti collaterali.<br>2. Ha delle propriet\u00e0 che in certi casi sono insostituibili.<br><br>A seconda del modo di somministrazione, della concentrazione e del volume, la miscela ossigeno-ozono ha:<\/p>\n\n\n\n<ul class=\"wp-block-list\">\n<li>azione antisettica<\/li>\n\n\n\n<li>azione agevolante la circolazione periferica con conseguente miglioramento della perfusione di O2 &#8211; O3 ai tessuti.<\/li>\n\n\n\n<li>azione antinfiammatoria dovuta alla diminuita produzione di prostaglandine agendo ali&#8217; ac. arachidonico ( ac. grasso insaturo ),<\/li>\n\n\n\n<li>azione antidolorifica dovuta sia alla ridotta sensibilizzazione delle terminazion\u00ec nervose in seguito alla diminuzione della produzione delle prostagiandine sia al fatto che l&#8217;inoculazione viene fatta nei punti dolorosi ( trigger points ) agendo pertanto come riflessoterapia.<\/li>\n\n\n\n<li>azione immunoregolatrice. E&#8217; risaputo che l&#8217;ozono a basse concentrazioni \u00e8 immunosoppressore.<\/li>\n<\/ul>\n\n\n\n<p>Oggi le citochine sono considerate le responsabili della insorgenza di certe patologie come l&#8217;artrite reumatoide, l&#8217;osteoporosi, artriti settiche, le neoplasie.<br>Persino si sospetta la loro partecipazione nell&#8217;insorgenza dell&#8217;artrosi e delle ernie discali.<br>Poich\u00e9 l&#8217;ozono accelera la produzione delle citochine da parte dei mononucleati, si comprende la sua importanza nel trattamento delle patologie sopracitate.<br>I diversi modi di somministrazione della miscela ossigeno-ozono ( per via indovenosa, endoarteriosa, esterna, grande e piccola autoemo ) ormai standardizzati, la presenza di una estesa bibliografia proveniente da una pluriennale esperienza mi hanno reso un tenace sostenitore e praticante di questo metodo terapeutico.<br><br>La mia esperienza come OSTEOPATA nel campo dell&#8217;ossigeno-ozono terapia, \u00e8 stata molto soddisfacente, avendo trattato pi\u00f9 di 750 casi con risultati eccellenti e a volte sorprendenti.<\/p>\n\n\n\n<p><strong>Ginocchio:<\/strong><br><br>E&#8217; la pi\u00f9 frequente sede di infiammazioni. Se la causa \u00e8 traumatica bisogna somministrare la miscela nell&#8217;articolazione, mentre quando si tratta di artrosi o di artrite, la somministrazione viene fatta sia intra che extra articolare, Quando c&#8217;\u00e8 idrartro il liquido viene evaquato prima della somministrazione.<br><br>Ho ricevuto eccellenti risultati in casi di dolore post-operatorio, infiammazioni settiche, artrite reumatoide e psoriasica con miglioramento contemporaneamente delle manifestazioni cutanee.<br><br>Nel caso di artrite psoriasica i rislutati sono migliori se alla terapia locale si associa una terapia generale con piccola o grande autoemo.<\/p>\n\n\n\n<p><strong>Anca:<\/strong><br><br>Sinovite del grande trocantere OA, allo stadio iniziale ed avanzato.<\/p>\n\n\n\n<p><strong>Spalla:<\/strong><br><br>Artrosi delle acromioclavicolare, sinovite sottocromiale. Si inietta nel punto del dolore e\/o intrarticolarmente.<\/p>\n\n\n\n<p><strong>Sindrome del tunnel carpale:<\/strong><br><br>Iniezione con ago 30 G di 3-4 mi di 02 &#8211; 03, sono sufficienti 5-6 sedute.<\/p>\n\n\n\n<p><strong>Dietoterapia ed estetica:<\/strong><br><br>La cellulite \u00e8 un&#8217;alterazione del tessuto grasso normalmente presente sotto la cute. Le cause della sua insorgenza sono principalmente :<\/p>\n\n\n\n<ul class=\"wp-block-list\">\n<li>la predisposizione familiare a problemi circolatori,<\/li>\n\n\n\n<li>fattori costituzionali legati all&#8217;azione degli ormoni femminili ( estrogeni e progestinici ) che stimolano la ritenzioni di liquidi con accumulo di grasso.<\/li>\n\n\n\n<li>fattori scatenanti legati alla scorretta alimentazione o all&#8217;uso di vestiti troppo stretti, calze a gambaletto, scarpe con tacchi troppo alti o troppo bassi<\/li>\n\n\n\n<li>fumo e stress.<\/li>\n<\/ul>\n\n\n\n<p><br><br>Secondo le statistiche circa 1&#8217;80 % delle donne occidentali \u00e8 colpito dalla cellulite la quale a seconda della gravit\u00e0 assume un aspetto diverso per cui, schematicamente si distinguono 3 stadi:<br><br>PRIMO STADIO \u00e8 detto edematoso perch\u00e9 si ha una inibizione di liquidi nei tessuti che dar\u00e0 alle zone colpite un aspetto gonfio, teso e molle al tatto;<br><br>SECONDO STADIO \u00e8 detto fibroso perch\u00e9 \u00e8 caratterizzato da un ispessimento delle cellule grasse che formano degli agglomerati nodulari responsabili della formazione della pelle a &#8221; buccia d&#8217;arancia &#8220;<br><br>TERZO STADIO \u00e8 detto sclerotico perch\u00e9 caratterizzato da un aggravamento delle condizioni dello stadio fibroso. La pelle si presenta fredda alla palpazione, di colore biancastro ed assume il cosiddetto aspetto a&#8221; materasso &#8220;<\/p>\n\n\n\n<p><strong>Elettrolinfodrenaggio:<\/strong><\/p>\n\n\n\n<p>Consiste nell&#8217;apporre delle coppie di elettrodi contenuti in spugnette bagnate in soluzione salina, su determinati punti delle cosce e dell&#8217;addome: si produce una contrazione dei muscoli che aumenta la capacit\u00e0 di scorrimento della linfa, aiutando cos\u00ec l&#8217;organismo ad eliminare le sostanze di scarto.<br><br><strong>Acne:<\/strong><\/p>\n\n\n\n<p>L&#8217;applicazione di una miscela gassosa formata da ossigeno e ozono in percentuali ben dosate dice il Prof. PASCA GIANCARLO &#8220;CHIROPRATICO&#8221; \u00e8 soprattutto utilizzata nel trattamento della cellulite e dell&#8217;acne. Una metodica molto usata perch\u00e9 innocua e inoltre non d\u00e0 luogo n\u00e9 a fenomeni allergici, n\u00e9 a effetti collaterali, che al contrario possono sempre essere in agguato quando si seguono altri percorsi terapeutici, sia pure di per s\u00e9 assolutamente validi e lungamente sperimentati.<br><br>Ma dell&#8217;ossigeno-ozono terapia ( una metodica della quale effettivamente molto si parla in questi tempi) sono conosciute anche le capacit\u00e0 in funzione antibatteric;a, antinfiammatoria e di attivazione del microcircolo.<br><br>E&#8217; noto pure il suo utilizzo nel trattamento chirurgico non-invasivo e a-traumatico dell&#8217;ernia a disco, per la quale pu\u00f2 costruire una valida alternativa all&#8217;intervnto chirurgico tradizionale.<br><br><strong>Ernie e protrusioni discali lombari:<\/strong><\/p>\n\n\n\n<p>L&#8217;utilizzo dell&#8217;02\/03 terapia nel trattamento delle ernie discali, sia lombari che cervicali, risale gi\u00e0 ad alcuni anni ed \u00e8 supportato da una buona casistica.<br><br>Poich\u00e9 alla base di queste alterazioni esiste un conflitto, in uno spazio chiuso e limitato, tra la radice nervosa spinale e l&#8217;introflessione della massa discale nel canale spinale, occorre considerare come le tecniche tradizionali agiscano sulla struttura discale, non potendo ovviamente agire sul tessuto nervoso. Indebolendo o eliminando quindi tale struttura, si provoca inevitabilmente un cambiamento della biomeccanica di tutta lo colonna.<br><br>In particolare i due principali fenomeni che ne conseguono sono:<br><br>a) l&#8217;aumentato carico delle articolazioni posteriori porta inevitabilmente ad una degenerazione artrosica delle medesime e tale degenerazione si traduce in un pi\u00f9 o meno marcato aumento della stenosi dei recessi.<br><br>b) la diminuita funzione di assorbimento dello stress meccanico pu\u00f2 portare ad un sovraccarico funzionale dei dischi adiacenti e quindi favorire il prodursi di una nuova protrusione discale con relativo conflitto disco-radicolare.<br><br>Il trattamento mediante 02\/03 terapia prevede un ciclo di 6-12 sedute, ognuna della quali consiste in 2-4 infiltrazioni in regione lombo-sacra le per un totale di 20-40 ml di 03 per ogni seduta.<br><br>La regressione della sintomatologia \u00e8 rapida e completa, i vantaggi rispetto alle altre metodiche tradizionali sono rappresentati soprattutto dall&#8217;assenza di effetti collaterali e dall&#8217;elevatissima efficacia.<br><br>In pazienti con sintomatologie dolorose a carico dell&#8217;apparato locomotore e di tipo rachialgico, osteo-artrosico, osteomielitico e post-traumatico, \u00e8 stata effettuata una terapia antalgica con Ossigeno\/Ozono. IL grado di dolore \u00e8 stato valutato mediante il QUID (Questionario Italiano del Dolore) e le scale categoriali VAS (analogo Visivo) e KEELE (Numerica). I risultati ottenuti dimostrano una buona efficacia antalgica dell&#8217;Ossigeno-Ozono Terapia.<br><br><strong>Applicazioni:<\/strong><br><br>Colonna vertebrale : lombalgia e cervicalgia dovuti ad ernia discale, con o senza irradiazione agli arti superiori o inferiori, artrosi delle articolazioni, post dischiti, infiammazione dell&#8217;articolazione sacroiliaca.<br><br>Tecnica: qualora l&#8217;ossigeno-ozono terapia venga usata come riflessoterapia, la somministrazione viene fatta per via intradermica con ago di 4 mm nei punti dell&#8217;agopuntura, con una concentrazione di 15 ug\/ml. Quando invece si vuole agire direttamente sul disco, l&#8217;insufflazione viene fatta per via intramuscolare in zona paravertebrale con ago 21 G.<br><br>L&#8217;ozono passa dal forame intervertebrale per perfusione provocando contemporaneamente un miglioramento della circolazione locale con allontanamento delle sostanze tossiche. Un miglioramento nella diffusione dell&#8217;O2 localmente (in particolare nel nervo sofferente); una regressione dell&#8217;infiammazione eventualmente presente nell&#8217;articolazione posteriore, si ottiene facilmente.<br><br>Dall&#8217;esame anatomopatologico sembra che l&#8217;ozono agisca sul disco provocando la sua degenerazione a seguito del cambiamento del PH, provocando edema interstiziale sia all&#8217;anulus fibrosus che soprattutto nei seguenti modi:<br><\/p>\n\n\n\n<ul class=\"wp-block-list\">\n<li>accellerata degenerazione del materiale discale gi\u00e0 in fase degenerativa<\/li>\n\n\n\n<li>formazioni dei capillari<\/li>\n\n\n\n<li>disfacimento del tessuto discale erniato e del tessuto periferico del anulus fibrosus che comprimono il nervo provocando la sciatica.<\/li>\n<\/ul>\n\n\n\n<p><br><br>In conclusione in base a sperimenti fatti in vitro e che devono essere verificati in vivo, l&#8217;ozono accellera un processo che avviene in condizioni normali.<br><br><strong>Osteoporosi:<\/strong><br><br>Questa patologia \u00e8 difficile da trattare perch\u00e9 \u00e8 lunga e i risultati sono mediocri, ritengo che qui l&#8217;ozono offra molto perch\u00e9 a mio parere agisce sia migliorando la microcircolazione sia producendo citochine. Il ruolo di queste ultime nell&#8217;osteoporosi \u00e8 conosciuto. Per esempio si sa che l&#8217;interferone blocca lo sviluppo degli osteclasti per cui non si ha perdita di calcio. La somministrazione di ozono avviene tramite la grande autoemo due volte la settimana, in tutto 8 volte.<br>In aggiunta vengono somministrati Ca e vitamina D.<br><br>I risultati sono molto buoni e si ha un aumento della densit\u00e0 del 15-20 % controllata con DPA.<br>Se si aggiungono i risultati positivi che si hanno negli edemi post-operatori, nelle lesioni trofiche, come coadiuvante nella terapia antibiotica, ecc., si intende quanto estese siano le possibilit\u00e0 terapeutiche dell&#8217;ossigeno &#8211; ozono.<br><br>A parte gli effetti specifici sulle diverse patologie, c&#8217;\u00e8 da sottolineare anche un miglioramento dello stato fisico generale che tutti pazienti riferiscono dalla seconda, terza seduta. Tutte le concentrazioni usate nelle varie patologie sono dettate dalla S.I.O.O.T. ( Societ\u00e0 Scientifica di Ossigeno &#8211; Ozono Terapia).<br><br><strong>Elettrolipolisi mediante Acugreen:<\/strong><br><br>E&#8217; uno dei trattamenti pi\u00f9 seguiti per combattere la cellulite!<br><br>L&#8217;inserimento di aghi sottilissimi, di varia lunghezza nel tessuto adiposo da trattare consente ed agevola il passaggio della corrente prodotta dall&#8217;ACUGREEN.<br>In tal modo vengono superate le difficolt\u00e0 riscontrate con altri trattamenti effettuati con apparecchiature elettromedicali della precedente generazione.<br><br>L&#8217;elettrolipolisi effettuata con ACUGREEN si concretizza con vari effetti:<br><\/p>\n\n\n\n<ul class=\"wp-block-list\">\n<li>Destabilizzazione della massa adiposa, che viene ridotta di compattezza e di volume, con riduzione della<\/li>\n\n\n\n<li>grandezza degli adipociti.<\/li>\n\n\n\n<li>aumento della diuresi : a seguito del passaggio di elettriti e di acqua dalla<\/li>\n\n\n\n<li>massa adiposa nel suo complesso, al sistema linfatico e al torrente sanguinio, con incremento dell&#8217;attivit\u00e0 renale.<\/li>\n\n\n\n<li>Effetto analgesico :dovuto sia al tipo particolare di corrente impiegata che al modo di introdurla ed utilizzarla nell&#8217;organismo. provocando un modesto aumento delle endorfine (effetto agopuntura).<\/li>\n\n\n\n<li>Stimolazione muscolare: che avviene in modo lieve, non violento, indolore.<\/li>\n\n\n\n<li>Effetto Joule: aumentando l&#8217;attivit\u00e0 cellulare a seguito dell&#8217;apporto di calorie e della velocit\u00e0 delle reazioni metaboliche<\/li>\n<\/ul>\n\n\n\n<p><strong>Ultrasuoni:<\/strong><\/p>\n\n\n\n<p>Si tratta di onde trasmesse sottocute da testine appoggiate sulle zone \u00adcellulitiche. Esse favoriscono la disgregazione degli adipotici con aumento della mobilit\u00e0 dei liquidi e delle sostanze di scarto che vengono cos\u00ec smaltite.<\/p>\n\n\n\n<p><strong>Elettronoterapia:<\/strong><\/p>\n\n\n\n<p>(o correnti di Kotz) E&#8217; un elettro stimolatore muscolare, impiegato nel campo riabilitativo e in quello sportivo del potenzia mento muscolre e approdato recentemente nel campo estetico:<\/p>\n\n\n\n<p>Migliora la fascia muscolare a livello della coscia, dei glutei, del ventre, del seno e del braccio che riacquistando tonicit\u00e0 perduta e quindi la loro funzione di sostegno, ne consegue una minore flaccidit\u00e0 cutanea.<br><br><strong>Acido glicolico:<\/strong><br><br>Si \u00e8 aperto un nuovo capitolo nella dermocosmesi e nell&#8217;estetica. L&#8217;acido glicolico. dopo ormai tanti anni di esperienza, non \u00e8 solo una moda, \u00e8 la risposta a pi\u00f9 esigenze.<br><br>E&#8217; la soluzione al problema di poter eliminare senza trauma ed in modo efficace lo strato pi\u00f9 superficiale della cute. Benefici dell&#8217;acido glicolico per uso medico al 70%.<br><\/p>\n\n\n\n<ul class=\"wp-block-list\">\n<li>TRATTAMENTO DELLA PELLE ACNEICA<\/li>\n\n\n\n<li>PELLE INVECCHIATA &#8211; RINGIOVAMENTO VISO<\/li>\n\n\n\n<li>FOTOINVECCHIAMENTO CUTANEO<\/li>\n\n\n\n<li>MACCHIE IPERCROMICHE VISO, IN ASSOCIAZIONE CON ACIDO COGICO<\/li>\n\n\n\n<li>RUGHE E SMAGLIATURE<\/li>\n<\/ul>\n\n\n\n<p>Questo metodo di utilizzazione dell&#8217;acido glicolico. sia nei prodotti per uso topico che il soggetto interessato applicher\u00e0 a casa su prescrizione secondo il tipo di pelle, sia nell&#8217;esfoliazione chimica in studio, offre grandi benefici ai pazienti che desiderano un efficace trattamento cosmetico.<br><br><strong>Ipodermini indurative e lipodistrofie localizzate:<br><\/strong><br>L&#8217;attivit\u00e0 dell&#8217;ozono sulla ipodermite indurativa (celluiite) si esplica attraverso diversi meccanismi. L&#8217;ozono reagisce con gli acidi grassi di tipo insaturo, cio\u00e8 con un doppio legame nella catena, e tale reazione porta alla scissione della catena lipicica con conseguente alterazione delle loro caratteristiche. Essi infatti perdono il loro carattere idrofobo diventando idrofili e perci\u00f2 pi\u00f9 facilmente eliminabili.<br><br>Un altro effetto determinante dell&#8217;ozono \u00e8 quello sui globuli rossi, la cui membrana \u00e8 composta strutturalmente da proteine, idrati di carbonio e fosfolipidi. L&#8217;ozono reagisce con la parte idrofoba dei fosfolipidi con una reazione di perossidazione che ha come conseguenza un aumento della carica negetiva della membrana eritrocitaria. Inoltre l&#8217;accorciamento delle catene lipidiche costituenti la membrana eritrocitaria porta ad un &#8220;rilasciamento&#8221; della struttura molecolare della membrana stessa.<br><br>Queste reazioni hanno una notevoile influenza sulla viscosit\u00e0 del sangue e sulla deformabilit\u00e0 e tendenza all&#8217;ampilamento degli eritrociti. Specie in condizioni di bassa velocit\u00e0 di flusso, come avviene nella patologia ostruttiva aterosclerotica, diebetica o ceillulitica, un aumenro di viscosit\u00e0 si dimostra fattore aggravante del quadro clinico. Al contrario la diminuzione della viscosit\u00e0 pu\u00f2 portare ad un netto miglioramento del quadro clinico con riequilibrio delle condizioni di flusso nel territorio ischemico.<br><br>La tendenza all&#8217;ampliamento degli eritrociti \u00e8 praticamente abolita dopo ozono-terapia, come dimostrato dai vari autori, sia direttamente al microscopio, sia indirettamente per la significativa diminuzione della VES.<br><br>Un altro effetto fondamentale dell&#8217;ozono \u00e8 quello sul metabolismo intracellulare dell&#8217;eritrocita. L&#8217;accelerazione della glicolisi per ossidazione dei coenzimi NADH e NAD porta ad una meggiore produzione di 2,3-difosfoglicerato che accentua la cessione di ossigeno ai tessuti da parte dell&#8217;emoglobina.<br><br>Un studio multicentrico, prospettico, randomizzato, volto a considerare l&#8217;efficacia e la tollerabilit\u00e0 dell&#8217;02\/03 terapia a confronto con altra metodica, valutando la circonferenza delle zone affelte, la temperatura della cute, ed il giudizio clinico complessivo ha dimostrato come l&#8217;O2\/O3 terapia presenti una efficacia significativamente maggiore rispetto all&#8217;applicazione della metodica di controllo. Anche sotto l&#8217;aspetto della modalit\u00e0 di applicazione l&#8217;Ossigeno-Ozono terapia viene valutata dai pazienti in maniera nettamente pi\u00f9 favorevole rispetto agli altri metodi terapeutici, come dimostrato dal giudizio di accettabilit\u00e0.<br><br>Il numero delle applicazioni varia da un minimo di 10 ad un massimo di 20 con frequenza mono- o bi-settimanale a giudizio del medico. Sar\u00e0 poi utile durante l&#8217;arco dell&#8217;anno programmare sedute di mantenimento, che possono avere una frequenza bi-mensile. Tale programmazione terapeutica \u00e8 spesso sufficiente a mantenere una circolazione venosa e linfatica compensata evitando il riformarsi della lipodistrofia.<br><br>Oggi l&#8217;O2\/O3 \u00e8 sicuramente una metodica molto efficace ed ampiamente studiata nell&#8217;ipodermite indurativa (celllulite) e risponde a tutte le garanzie di sicurezza ed efficacia richieste dalla moderna medicina estetica.<\/p>\n","protected":false},"excerpt":{"rendered":"<p>Il nostro metodo In cosa consiste La ventenale esperienza maturata attraverso lo studio e l&#8217;applicazione delle metodiche naturali e di medicina integrata, nonch\u00e9 il continuo e costante aggiornamento, mi ha consentito, al fine di migliorare l&#8217;approccio terapeutico, di creare un&#8217;integrazione tra queste discipline che mirano &#8220;olosticamente&#8221; alla &#8220;causa&#8221;. Partendo dal principio che le metodiche terapeutiche [&hellip;]<\/p>\n","protected":false},"author":1,"featured_media":0,"parent":0,"menu_order":0,"comment_status":"closed","ping_status":"closed","template":"page-templates\/menu-black.php","meta":{"footnotes":""},"class_list":["post-75","page","type-page","status-publish","hentry"],"_links":{"self":[{"href":"http:\/\/www.chiropratikfisiocenter.com\/index.php\/wp-json\/wp\/v2\/pages\/75","targetHints":{"allow":["GET"]}}],"collection":[{"href":"http:\/\/www.chiropratikfisiocenter.com\/index.php\/wp-json\/wp\/v2\/pages"}],"about":[{"href":"http:\/\/www.chiropratikfisiocenter.com\/index.php\/wp-json\/wp\/v2\/types\/page"}],"author":[{"embeddable":true,"href":"http:\/\/www.chiropratikfisiocenter.com\/index.php\/wp-json\/wp\/v2\/users\/1"}],"replies":[{"embeddable":true,"href":"http:\/\/www.chiropratikfisiocenter.com\/index.php\/wp-json\/wp\/v2\/comments?post=75"}],"version-history":[{"count":1,"href":"http:\/\/www.chiropratikfisiocenter.com\/index.php\/wp-json\/wp\/v2\/pages\/75\/revisions"}],"predecessor-version":[{"id":76,"href":"http:\/\/www.chiropratikfisiocenter.com\/index.php\/wp-json\/wp\/v2\/pages\/75\/revisions\/76"}],"wp:attachment":[{"href":"http:\/\/www.chiropratikfisiocenter.com\/index.php\/wp-json\/wp\/v2\/media?parent=75"}],"curies":[{"name":"wp","href":"https:\/\/api.w.org\/{rel}","templated":true}]}}